{"id":12,"date":"2020-08-29T16:06:15","date_gmt":"2020-08-29T16:06:15","guid":{"rendered":"https:\/\/sciengementlab.wordpress.com\/?page_id=8"},"modified":"2020-09-16T12:57:28","modified_gmt":"2020-09-16T12:57:28","slug":"contact","status":"publish","type":"page","link":"https:\/\/sciengementlab.com\/index.php\/contact\/","title":{"rendered":"Contacto"},"content":{"rendered":"\n<p class=\"has-text-align-left\">Hablemos \ud83d\udc4b. No dudes en ponerte en contacto conmigo mediante la informaci\u00f3n de contacto a continuaci\u00f3n, o env\u00eda un mensaje mediante el formulario. Comentarios, preguntas, ideas y sugerencias son bienvenidas. Asimismo, <strong>si tienes alguna consulta en la que pueda serte de utilidad, echa un vistazo en la p\u00e1gina de&nbsp;<a href=\"https:\/\/sciengementlab.com\/index.php\/consulting\/\">CONSULTING<\/a>&nbsp;y h\u00e1zmelo saber. Me encantar\u00eda poder ayudarte.<\/strong><\/p>\n\n\n\n<div style=\"height:32px\" aria-hidden=\"true\" class=\"wp-block-spacer desktop-only\"><\/div>\n\n\n\n<div class=\"wp-block-columns alignwide has-2-columns has-button-hover-text-color-color has-text-color\">\n<div class=\"wp-block-column\">\n<h2 class=\"has-text-align-left\">Ponte en contacto<\/h2>\n\n\n\n<div class=\"wp-block-group\"><div class=\"wp-block-group__inner-container\">\n<div class=\"wp-block-contact-widgets-contact-block\"><ul class=\"fields\"><\/ul><\/div>\n\n\n\n<div class=\"wp-block-contact-widgets-contact-block\"><ul class=\"fields\"><li class=\"no-label\"><h4 class=\"contact-title\">Jose Julio Martin<\/h4><\/li><li class=\"no-label\"><div><div class=\"contact-email\"><a href=\"mailto:contact@sciengementlab.com\">contact@sciengementlab.com<\/a><\/div><\/div><\/li><li class=\"no-label\"><div><div class=\"contact-address\">28750 San Agustin del Guadalix (Madrid), Spain<\/div><div class=\"has-map\"><iframe frameborder=\"0\" style=\"width:100%;min-height:205px\" src=\"https:\/\/www.google.com\/maps?q=28750%20San%20Agustin%20del%20Guadalix%20(Madrid)%2C%20Spain&amp;output=embed&amp;hl=%s&amp;z=14\"><\/iframe><\/div><\/div><\/li><\/ul><\/div>\n\n\n\n<p><\/p>\n\n\n\n<div class=\"wp-block-contact-widgets-contact-block\"><ul class=\"fields\"><\/ul><\/div>\n\n\n\n<p><\/p>\n<\/div><\/div>\n\n\n\n<div class=\"wp-block-contact-widgets-contact-block\"><ul class=\"fields\"><\/ul><\/div>\n\n\n\n<div class=\"wp-block-contact-widgets-contact-block\"><ul class=\"fields\"><\/ul><\/div>\n\n\n\n<ul class=\"wp-block-social-links\"><li class=\"wp-social-link wp-social-link-linkedin wp-block-social-link\"><a href=\"https:\/\/www.linkedin.com\/in\/julio-martin-14a419?lipi=urn%3Ali%3Apage%3Ad_flagship3_profile_view_base_contact_details%3BnhhF1Y2GRpKwjVyMRFxNOQ%3D%3D\" aria-label=\"LinkedIn\"  class=\"wp-block-social-link-anchor\"> <svg width=\"24\" height=\"24\" viewBox=\"0 0 24 24\" version=\"1.1\" xmlns=\"http:\/\/www.w3.org\/2000\/svg\" role=\"img\" aria-hidden=\"true\" focusable=\"false\"><path d=\"M19.7,3H4.3C3.582,3,3,3.582,3,4.3v15.4C3,20.418,3.582,21,4.3,21h15.4c0.718,0,1.3-0.582,1.3-1.3V4.3 C21,3.582,20.418,3,19.7,3z M8.339,18.338H5.667v-8.59h2.672V18.338z M7.004,8.574c-0.857,0-1.549-0.694-1.549-1.548 c0-0.855,0.691-1.548,1.549-1.548c0.854,0,1.547,0.694,1.547,1.548C8.551,7.881,7.858,8.574,7.004,8.574z M18.339,18.338h-2.669 v-4.177c0-0.996-0.017-2.278-1.387-2.278c-1.389,0-1.601,1.086-1.601,2.206v4.249h-2.667v-8.59h2.559v1.174h0.037 c0.356-0.675,1.227-1.387,2.526-1.387c2.703,0,3.203,1.779,3.203,4.092V18.338z\"><\/path><\/svg><\/a><\/li><\/ul>\n\n\n\n<p><\/p>\n<\/div>\n\n\n\n<div class=\"wp-block-column\">\n<h2 class=\"has-text-align-left\">Env\u00edanos un mensaje<\/h2>\n\n\n<div class=\"wpforms-container wpforms-container-full\" id=\"wpforms-651\"><form id=\"wpforms-form-651\" class=\"wpforms-validate wpforms-form\" data-formid=\"651\" method=\"post\" enctype=\"multipart\/form-data\" action=\"\/index.php\/wp-json\/wp\/v2\/pages\/12\" data-token=\"e52c2e1d10b0331dd6599b1dc21488ba\"><noscript class=\"wpforms-error-noscript\">Por favor, activa JavaScript en tu navegador para completar este formulario.<\/noscript><div class=\"wpforms-field-container\"><div id=\"wpforms-651-field_0-container\" class=\"wpforms-field wpforms-field-name\" data-field-id=\"0\"><label class=\"wpforms-field-label\" for=\"wpforms-651-field_0\">Nombre <span class=\"wpforms-required-label\">*<\/span><\/label><div class=\"wpforms-field-row wpforms-field-large\"><div class=\"wpforms-field-row-block wpforms-first wpforms-one-half\"><input type=\"text\" id=\"wpforms-651-field_0\" class=\"wpforms-field-name-first wpforms-field-required\" name=\"wpforms[fields][0][first]\" placeholder=\"Nombre\" required><label for=\"wpforms-651-field_0\" class=\"wpforms-field-sublabel after wpforms-sublabel-hide\">Nombre<\/label><\/div><div class=\"wpforms-field-row-block wpforms-one-half\"><input type=\"text\" id=\"wpforms-651-field_0-last\" class=\"wpforms-field-name-last wpforms-field-required\" name=\"wpforms[fields][0][last]\" placeholder=\"Apellido(s)\" required><label for=\"wpforms-651-field_0-last\" class=\"wpforms-field-sublabel after wpforms-sublabel-hide\">Apellidos<\/label><\/div><\/div><\/div><div id=\"wpforms-651-field_1-container\" class=\"wpforms-field wpforms-field-email\" data-field-id=\"1\"><label class=\"wpforms-field-label\" for=\"wpforms-651-field_1\">Correo electr\u00f3nico <span class=\"wpforms-required-label\">*<\/span><\/label><input type=\"email\" id=\"wpforms-651-field_1\" class=\"wpforms-field-large wpforms-field-required\" name=\"wpforms[fields][1]\" required><\/div><div id=\"wpforms-651-field_2-container\" class=\"wpforms-field wpforms-field-textarea\" data-field-id=\"2\"><label class=\"wpforms-field-label\" for=\"wpforms-651-field_2\">Comentario o mensaje <span class=\"wpforms-required-label\">*<\/span><\/label><textarea id=\"wpforms-651-field_2\" class=\"wpforms-field-medium wpforms-field-required\" name=\"wpforms[fields][2]\" required><\/textarea><\/div><\/div><div class=\"wpforms-submit-container\" ><input type=\"hidden\" name=\"wpforms[id]\" value=\"651\"><input type=\"hidden\" name=\"wpforms[author]\" value=\"2\"><button type=\"submit\" name=\"wpforms[submit]\" class=\"wpforms-submit \" id=\"wpforms-submit-651\" value=\"wpforms-submit\" aria-live=\"assertive\" data-alt-text=\"Enviando...\" data-submit-text=\"Enviar\">Enviar<\/button><\/div><\/form><\/div>  <!-- .wpforms-container -->\n\n\n<p><\/p>\n<\/div>\n<\/div>\n<div class=\"likebtn_container\" style=\"\"><!-- LikeBtn.com BEGIN --><span class=\"likebtn-wrapper\"  data-identifier=\"page_12\"  data-site_id=\"5f5dea62943ec93c4ca12a8a\"  data-dislike_enabled=\"false\"  data-icon_dislike_show=\"false\"  data-style=\"\"  data-unlike_allowed=\"\"  data-show_copyright=\"\"  data-item_url=\"https:\/\/sciengementlab.com\/index.php\/contact\/\"  data-item_title=\"Contacto\"  data-item_date=\"2020-08-29T16:06:15+00:00\"  data-engine=\"WordPress\"  data-plugin_v=\"2.6.29\"  data-prx=\"https:\/\/sciengementlab.com\/wp-admin\/admin-ajax.php?action=likebtn_prx\"  data-event_handler=\"likebtn_eh\" ><\/span><!-- LikeBtn.com END --><\/div>","protected":false},"excerpt":{"rendered":"<p>Hablemos \ud83d\udc4b. No dudes en ponerte en contacto conmigo mediante la informaci\u00f3n de contacto a continuaci\u00f3n, o env\u00eda un mensaje mediante el formulario. Comentarios, preguntas, ideas y sugerencias son bienvenidas. Asimismo, si tienes alguna consulta en la que pueda serte &hellip;<\/p>\n<p class=\"read-more\"> <a class=\"more-link\" href=\"https:\/\/sciengementlab.com\/index.php\/contact\/\"> <span class=\"screen-reader-text\">Contacto<\/span> Leer m\u00e1s \u00bb<\/a><\/p>\n<div class=\"likebtn_container\" style=\"\"><!-- LikeBtn.com BEGIN --><span class=\"likebtn-wrapper\"  data-identifier=\"page_12\"  data-site_id=\"5f5dea62943ec93c4ca12a8a\"  data-dislike_enabled=\"false\"  data-icon_dislike_show=\"false\"  data-style=\"\"  data-unlike_allowed=\"\"  data-show_copyright=\"\"  data-item_url=\"https:\/\/sciengementlab.com\/index.php\/contact\/\"  data-item_title=\"Contacto\"  data-item_date=\"2020-08-29T16:06:15+00:00\"  data-engine=\"WordPress\"  data-plugin_v=\"2.6.29\"  data-prx=\"https:\/\/sciengementlab.com\/wp-admin\/admin-ajax.php?action=likebtn_prx\"  data-event_handler=\"likebtn_eh\" ><\/span><!-- LikeBtn.com END --><\/div><a class=\"excerpt-more\" href=\"https:\/\/sciengementlab.com\/index.php\/contact\/\">Read More<i class=\"fa fa-chevron-circle-right\" aria-hidden=\"true\"><\/i><\/a>","protected":false},"author":2,"featured_media":0,"parent":0,"menu_order":7,"comment_status":"closed","ping_status":"closed","template":"","meta":{"_monsterinsights_skip_tracking":false,"_monsterinsights_sitenote_active":false,"_monsterinsights_sitenote_note":"","_monsterinsights_sitenote_category":0},"yoast_head":"<!-- This site is optimized with the Yoast SEO plugin v14.9 - https:\/\/yoast.com\/wordpress\/plugins\/seo\/ -->\n<title>Contacto - Sciengement Lab<\/title>\n<meta name=\"robots\" content=\"index, follow, max-snippet:-1, max-image-preview:large, max-video-preview:-1\" \/>\n<link rel=\"canonical\" href=\"https:\/\/sciengementlab.com\/index.php\/contact\/\" \/>\n<meta property=\"og:locale\" content=\"es_ES\" \/>\n<meta property=\"og:type\" content=\"article\" \/>\n<meta property=\"og:title\" content=\"Contacto - Sciengement Lab\" \/>\n<meta property=\"og:description\" content=\"Hablemos \ud83d\udc4b. No dudes en ponerte en contacto conmigo mediante la informaci\u00f3n de contacto a continuaci\u00f3n, o env\u00eda un mensaje mediante el formulario. Comentarios, preguntas, ideas y sugerencias son bienvenidas. Asimismo, si tienes alguna consulta en la que pueda serte &hellip; Contacto Leer m\u00e1s \u00bb\" \/>\n<meta property=\"og:url\" content=\"https:\/\/sciengementlab.com\/index.php\/contact\/\" \/>\n<meta property=\"og:site_name\" content=\"Sciengement Lab\" \/>\n<meta property=\"article:modified_time\" content=\"2020-09-16T12:57:28+00:00\" \/>\n<meta name=\"twitter:card\" content=\"summary_large_image\" \/>\n<script type=\"application\/ld+json\" class=\"yoast-schema-graph\">{\"@context\":\"https:\/\/schema.org\",\"@graph\":[{\"@type\":\"Organization\",\"@id\":\"https:\/\/sciengementlab.com\/#organization\",\"name\":\"Julio Martin\",\"url\":\"https:\/\/sciengementlab.com\/\",\"sameAs\":[],\"logo\":{\"@type\":\"ImageObject\",\"@id\":\"https:\/\/sciengementlab.com\/#logo\",\"inLanguage\":\"es\",\"url\":\"https:\/\/sciengementlab.com\/wp-content\/uploads\/2020\/09\/Sciengement-LOGO-Bloques-Manos-Brain-WHITE.png\",\"width\":431,\"height\":440,\"caption\":\"Julio Martin\"},\"image\":{\"@id\":\"https:\/\/sciengementlab.com\/#logo\"}},{\"@type\":\"WebSite\",\"@id\":\"https:\/\/sciengementlab.com\/#website\",\"url\":\"https:\/\/sciengementlab.com\/\",\"name\":\"Sciengement Lab\",\"description\":\"Think Science in Management\",\"publisher\":{\"@id\":\"https:\/\/sciengementlab.com\/#organization\"},\"potentialAction\":[{\"@type\":\"SearchAction\",\"target\":\"https:\/\/sciengementlab.com\/?s={search_term_string}\",\"query-input\":\"required name=search_term_string\"}],\"inLanguage\":\"es\"},{\"@type\":\"WebPage\",\"@id\":\"https:\/\/sciengementlab.com\/index.php\/contact\/#webpage\",\"url\":\"https:\/\/sciengementlab.com\/index.php\/contact\/\",\"name\":\"Contacto - Sciengement Lab\",\"isPartOf\":{\"@id\":\"https:\/\/sciengementlab.com\/#website\"},\"datePublished\":\"2020-08-29T16:06:15+00:00\",\"dateModified\":\"2020-09-16T12:57:28+00:00\",\"breadcrumb\":{\"@id\":\"https:\/\/sciengementlab.com\/index.php\/contact\/#breadcrumb\"},\"inLanguage\":\"es\",\"potentialAction\":[{\"@type\":\"ReadAction\",\"target\":[\"https:\/\/sciengementlab.com\/index.php\/contact\/\"]}]},{\"@type\":\"BreadcrumbList\",\"@id\":\"https:\/\/sciengementlab.com\/index.php\/contact\/#breadcrumb\",\"itemListElement\":[{\"@type\":\"ListItem\",\"position\":1,\"item\":{\"@type\":\"WebPage\",\"@id\":\"https:\/\/sciengementlab.com\/\",\"url\":\"https:\/\/sciengementlab.com\/\",\"name\":\"Portada\"}},{\"@type\":\"ListItem\",\"position\":2,\"item\":{\"@type\":\"WebPage\",\"@id\":\"https:\/\/sciengementlab.com\/index.php\/contact\/\",\"url\":\"https:\/\/sciengementlab.com\/index.php\/contact\/\",\"name\":\"Contacto\"}}]}]}<\/script>\n<!-- \/ Yoast SEO plugin. -->","_links":{"self":[{"href":"https:\/\/sciengementlab.com\/index.php\/wp-json\/wp\/v2\/pages\/12"}],"collection":[{"href":"https:\/\/sciengementlab.com\/index.php\/wp-json\/wp\/v2\/pages"}],"about":[{"href":"https:\/\/sciengementlab.com\/index.php\/wp-json\/wp\/v2\/types\/page"}],"author":[{"embeddable":true,"href":"https:\/\/sciengementlab.com\/index.php\/wp-json\/wp\/v2\/users\/2"}],"replies":[{"embeddable":true,"href":"https:\/\/sciengementlab.com\/index.php\/wp-json\/wp\/v2\/comments?post=12"}],"version-history":[{"count":15,"href":"https:\/\/sciengementlab.com\/index.php\/wp-json\/wp\/v2\/pages\/12\/revisions"}],"predecessor-version":[{"id":900,"href":"https:\/\/sciengementlab.com\/index.php\/wp-json\/wp\/v2\/pages\/12\/revisions\/900"}],"wp:attachment":[{"href":"https:\/\/sciengementlab.com\/index.php\/wp-json\/wp\/v2\/media?parent=12"}],"curies":[{"name":"wp","href":"https:\/\/api.w.org\/{rel}","templated":true}]}}