{"id":170,"date":"2020-09-01T12:57:47","date_gmt":"2020-09-01T12:57:47","guid":{"rendered":"https:\/\/sciengementlab.wordpress.com\/?page_id=170"},"modified":"2020-09-16T09:19:13","modified_gmt":"2020-09-16T09:19:13","slug":"agora","status":"publish","type":"page","link":"https:\/\/sciengementlab.com\/index.php\/agora\/","title":{"rendered":"\u00c1gora"},"content":{"rendered":"\n<p>Foro abierto a la discusi\u00f3n e  intercambio de ideas y conocimiento cient\u00edfico aplicado a la gesti\u00f3n (management) de organizaciones. <\/p>\n\n\n\n<figure class=\"wp-block-image size-large\"><img src=\"https:\/\/sciengementlab.com\/wp-content\/uploads\/2020\/09\/meeting_1599761825.jpeg\" alt=\"\" class=\"wp-image-565\"\/><figcaption>Photo by Athena on <a href=\"https:\/\/www.pexels.com\/es-es\/foto\/adentro-charlando-comunicado-conversacion-2962135\/\" rel=\"nofollow\">Pexels.com<\/a><\/figcaption><\/figure>\n<div class=\"likebtn_container\" style=\"\"><!-- LikeBtn.com BEGIN --><span class=\"likebtn-wrapper\"  data-identifier=\"page_170\"  data-site_id=\"5f5dea62943ec93c4ca12a8a\"  data-dislike_enabled=\"false\"  data-icon_dislike_show=\"false\"  data-style=\"\"  data-unlike_allowed=\"\"  data-show_copyright=\"\"  data-item_url=\"https:\/\/sciengementlab.com\/index.php\/agora\/\"  data-item_title=\"\u00c1gora\"  data-item_date=\"2020-09-01T12:57:47+00:00\"  data-engine=\"WordPress\"  data-plugin_v=\"2.6.29\"  data-prx=\"https:\/\/sciengementlab.com\/wp-admin\/admin-ajax.php?action=likebtn_prx\"  data-event_handler=\"likebtn_eh\" ><\/span><!-- LikeBtn.com END --><\/div>","protected":false},"excerpt":{"rendered":"<p>Foro abierto a la discusi\u00f3n e intercambio de ideas y conocimiento cient\u00edfico aplicado a la gesti\u00f3n (management) de organizaciones.<\/p>\n<div class=\"likebtn_container\" style=\"\"><!-- LikeBtn.com BEGIN --><span class=\"likebtn-wrapper\"  data-identifier=\"page_170\"  data-site_id=\"5f5dea62943ec93c4ca12a8a\"  data-dislike_enabled=\"false\"  data-icon_dislike_show=\"false\"  data-style=\"\"  data-unlike_allowed=\"\"  data-show_copyright=\"\"  data-item_url=\"https:\/\/sciengementlab.com\/index.php\/agora\/\"  data-item_title=\"\u00c1gora\"  data-item_date=\"2020-09-01T12:57:47+00:00\"  data-engine=\"WordPress\"  data-plugin_v=\"2.6.29\"  data-prx=\"https:\/\/sciengementlab.com\/wp-admin\/admin-ajax.php?action=likebtn_prx\"  data-event_handler=\"likebtn_eh\" ><\/span><!-- LikeBtn.com END --><\/div><a class=\"excerpt-more\" href=\"https:\/\/sciengementlab.com\/index.php\/agora\/\">Read More<i class=\"fa fa-chevron-circle-right\" aria-hidden=\"true\"><\/i><\/a>","protected":false},"author":2,"featured_media":0,"parent":0,"menu_order":6,"comment_status":"closed","ping_status":"closed","template":"","meta":{"_monsterinsights_skip_tracking":false,"_monsterinsights_sitenote_active":false,"_monsterinsights_sitenote_note":"","_monsterinsights_sitenote_category":0},"yoast_head":"<!-- This site is optimized with the Yoast SEO plugin v14.9 - https:\/\/yoast.com\/wordpress\/plugins\/seo\/ -->\n<title>\u00c1gora - Sciengement Lab<\/title>\n<meta name=\"robots\" content=\"index, follow, max-snippet:-1, max-image-preview:large, max-video-preview:-1\" \/>\n<link rel=\"canonical\" href=\"https:\/\/sciengementlab.com\/index.php\/agora\/\" \/>\n<meta property=\"og:locale\" content=\"es_ES\" \/>\n<meta property=\"og:type\" content=\"article\" \/>\n<meta property=\"og:title\" content=\"\u00c1gora - Sciengement Lab\" \/>\n<meta property=\"og:description\" content=\"Foro abierto a la discusi\u00f3n e intercambio de ideas y conocimiento cient\u00edfico aplicado a la gesti\u00f3n (management) de organizaciones.\" \/>\n<meta property=\"og:url\" content=\"https:\/\/sciengementlab.com\/index.php\/agora\/\" \/>\n<meta property=\"og:site_name\" content=\"Sciengement Lab\" \/>\n<meta property=\"article:modified_time\" content=\"2020-09-16T09:19:13+00:00\" \/>\n<meta property=\"og:image\" content=\"https:\/\/sciengementlab.com\/wp-content\/uploads\/2020\/09\/meeting_1599761825.jpeg\" \/>\n<meta name=\"twitter:card\" content=\"summary_large_image\" \/>\n<script type=\"application\/ld+json\" class=\"yoast-schema-graph\">{\"@context\":\"https:\/\/schema.org\",\"@graph\":[{\"@type\":\"Organization\",\"@id\":\"https:\/\/sciengementlab.com\/#organization\",\"name\":\"Julio Martin\",\"url\":\"https:\/\/sciengementlab.com\/\",\"sameAs\":[],\"logo\":{\"@type\":\"ImageObject\",\"@id\":\"https:\/\/sciengementlab.com\/#logo\",\"inLanguage\":\"es\",\"url\":\"https:\/\/sciengementlab.com\/wp-content\/uploads\/2020\/09\/Sciengement-LOGO-Bloques-Manos-Brain-WHITE.png\",\"width\":431,\"height\":440,\"caption\":\"Julio Martin\"},\"image\":{\"@id\":\"https:\/\/sciengementlab.com\/#logo\"}},{\"@type\":\"WebSite\",\"@id\":\"https:\/\/sciengementlab.com\/#website\",\"url\":\"https:\/\/sciengementlab.com\/\",\"name\":\"Sciengement Lab\",\"description\":\"Think Science in Management\",\"publisher\":{\"@id\":\"https:\/\/sciengementlab.com\/#organization\"},\"potentialAction\":[{\"@type\":\"SearchAction\",\"target\":\"https:\/\/sciengementlab.com\/?s={search_term_string}\",\"query-input\":\"required name=search_term_string\"}],\"inLanguage\":\"es\"},{\"@type\":\"ImageObject\",\"@id\":\"https:\/\/sciengementlab.com\/index.php\/agora\/#primaryimage\",\"inLanguage\":\"es\",\"url\":\"https:\/\/sciengementlab.com\/wp-content\/uploads\/2020\/09\/meeting_1599761825.jpeg\"},{\"@type\":\"WebPage\",\"@id\":\"https:\/\/sciengementlab.com\/index.php\/agora\/#webpage\",\"url\":\"https:\/\/sciengementlab.com\/index.php\/agora\/\",\"name\":\"\\u00c1gora - Sciengement Lab\",\"isPartOf\":{\"@id\":\"https:\/\/sciengementlab.com\/#website\"},\"primaryImageOfPage\":{\"@id\":\"https:\/\/sciengementlab.com\/index.php\/agora\/#primaryimage\"},\"datePublished\":\"2020-09-01T12:57:47+00:00\",\"dateModified\":\"2020-09-16T09:19:13+00:00\",\"breadcrumb\":{\"@id\":\"https:\/\/sciengementlab.com\/index.php\/agora\/#breadcrumb\"},\"inLanguage\":\"es\",\"potentialAction\":[{\"@type\":\"ReadAction\",\"target\":[\"https:\/\/sciengementlab.com\/index.php\/agora\/\"]}]},{\"@type\":\"BreadcrumbList\",\"@id\":\"https:\/\/sciengementlab.com\/index.php\/agora\/#breadcrumb\",\"itemListElement\":[{\"@type\":\"ListItem\",\"position\":1,\"item\":{\"@type\":\"WebPage\",\"@id\":\"https:\/\/sciengementlab.com\/\",\"url\":\"https:\/\/sciengementlab.com\/\",\"name\":\"Portada\"}},{\"@type\":\"ListItem\",\"position\":2,\"item\":{\"@type\":\"WebPage\",\"@id\":\"https:\/\/sciengementlab.com\/index.php\/agora\/\",\"url\":\"https:\/\/sciengementlab.com\/index.php\/agora\/\",\"name\":\"\\u00c1gora\"}}]}]}<\/script>\n<!-- \/ Yoast SEO plugin. -->","_links":{"self":[{"href":"https:\/\/sciengementlab.com\/index.php\/wp-json\/wp\/v2\/pages\/170"}],"collection":[{"href":"https:\/\/sciengementlab.com\/index.php\/wp-json\/wp\/v2\/pages"}],"about":[{"href":"https:\/\/sciengementlab.com\/index.php\/wp-json\/wp\/v2\/types\/page"}],"author":[{"embeddable":true,"href":"https:\/\/sciengementlab.com\/index.php\/wp-json\/wp\/v2\/users\/2"}],"replies":[{"embeddable":true,"href":"https:\/\/sciengementlab.com\/index.php\/wp-json\/wp\/v2\/comments?post=170"}],"version-history":[{"count":3,"href":"https:\/\/sciengementlab.com\/index.php\/wp-json\/wp\/v2\/pages\/170\/revisions"}],"predecessor-version":[{"id":723,"href":"https:\/\/sciengementlab.com\/index.php\/wp-json\/wp\/v2\/pages\/170\/revisions\/723"}],"wp:attachment":[{"href":"https:\/\/sciengementlab.com\/index.php\/wp-json\/wp\/v2\/media?parent=170"}],"curies":[{"name":"wp","href":"https:\/\/api.w.org\/{rel}","templated":true}]}}