{"id":173,"date":"2020-09-08T17:04:28","date_gmt":"2020-09-08T17:04:28","guid":{"rendered":"https:\/\/sciengementlab.wordpress.com\/?page_id=9"},"modified":"2021-02-13T16:43:10","modified_gmt":"2021-02-13T16:43:10","slug":"about","status":"publish","type":"page","link":"https:\/\/sciengementlab.com\/index.php\/about\/","title":{"rendered":"Acerca de"},"content":{"rendered":"\n<h2><em>Hola, soy Julio Mart\u00edn, cient\u00edfico experimentado en la gesti\u00f3n de innovaci\u00f3n y el liderazgo de equipos en la empresa (\u201cbusiness and playmaker scientist\u201d)<\/em><\/h2>\n\n\n\n<blockquote class=\"wp-block-quote\"><p><em>\u201c<\/em><strong>N<strong>o puedes conectar los puntos<\/strong>&nbsp;mirando hacia adelante; solo&nbsp;<strong>puedes<\/strong>&nbsp;hacerlo mirando hacia atr\u00e1s<\/strong><em>\u201d<\/em><\/p><cite>Steve Jobs<\/cite><\/blockquote>\n\n\n\n<div class=\"wp-block-columns\">\n<div class=\"wp-block-column is-vertically-aligned-top\">\n<div class=\"wp-block-image is-style-rounded\"><figure class=\"aligncenter size-large is-resized\"><img loading=\"lazy\" src=\"https:\/\/sciengementlab.com\/wp-content\/uploads\/2020\/09\/Julio-COnferencia-Foto.png\" alt=\"\" class=\"wp-image-441\" width=\"298\" height=\"249\" srcset=\"https:\/\/sciengementlab.com\/wp-content\/uploads\/2020\/09\/Julio-COnferencia-Foto.png 721w, https:\/\/sciengementlab.com\/wp-content\/uploads\/2020\/09\/Julio-COnferencia-Foto-300x252.png 300w, https:\/\/sciengementlab.com\/wp-content\/uploads\/2020\/09\/Julio-COnferencia-Foto-685x575.png 685w\" sizes=\"(max-width: 298px) 100vw, 298px\" \/><\/figure><\/div>\n\n\n\n<p><\/p>\n<\/div>\n\n\n\n<div class=\"wp-block-column\">\n<p>A lo largo de&nbsp;<strong>29 a\u00f1os de experiencia en la I+D de una multinacional farmac\u00e9utica<\/strong>, he podido desarrollar habilidades para compaginar Ciencia y Gesti\u00f3n Empresarial, dos mundos aparentemente enfrentados y dif\u00edciles de conciliar. La primera en la b\u00fasqueda de la innovaci\u00f3n disruptiva, la segunda persiguiendo la excelencia operacional y el negocio. La transformaci\u00f3n de un cient\u00edfico en un l\u00edder de equipos no es una traves\u00eda natural y requiere reinventarse y formarse. Pero el resultado es sumamente gratificante: la integraci\u00f3n arm\u00f3nica de disciplinas de conocimiento y pensamiento compartimentadas&nbsp;<em>a priori<\/em>;&nbsp;<strong>aunar Ciencias y Humanidades<\/strong>&nbsp;<strong>con la aspiraci\u00f3n del progreso social a trav\u00e9s de transformaciones basadas en el conocimiento y el<\/strong>&nbsp;<strong>trabajo colaborativo en equipos de alto rendimiento.<\/strong><\/p>\n<\/div>\n<\/div>\n\n\n\n<p><strong>Bioqu\u00edmico de formaci\u00f3n y descubridor de medicinas innovadoras de profesi\u00f3n<\/strong>, a lo largo de mi carrera he mantenido una misma motivaci\u00f3n cient\u00edfica: explicar la complejidad biol\u00f3gica mediante las leyes de la F\u00edsica y la Qu\u00edmica; contener la Biolog\u00eda en un modelo matem\u00e1tico.&nbsp;<strong>Simplificar lo complejo<\/strong>.&nbsp;<\/p>\n\n\n\n<div class=\"wp-block-columns\">\n<div class=\"wp-block-column\" style=\"flex-basis:33.33%\">\n<div class=\"wp-block-image\"><figure class=\"aligncenter size-large is-resized\"><img loading=\"lazy\" src=\"https:\/\/sciengementlab.com\/wp-content\/uploads\/2020\/09\/Foto-clarinete-683x1024.jpg\" alt=\"\" class=\"wp-image-428\" width=\"198\" height=\"296\" srcset=\"https:\/\/sciengementlab.com\/wp-content\/uploads\/2020\/09\/Foto-clarinete-683x1024.jpg 683w, https:\/\/sciengementlab.com\/wp-content\/uploads\/2020\/09\/Foto-clarinete-200x300.jpg 200w, https:\/\/sciengementlab.com\/wp-content\/uploads\/2020\/09\/Foto-clarinete-768x1152.jpg 768w, https:\/\/sciengementlab.com\/wp-content\/uploads\/2020\/09\/Foto-clarinete-685x1028.jpg 685w, https:\/\/sciengementlab.com\/wp-content\/uploads\/2020\/09\/Foto-clarinete.jpg 864w\" sizes=\"(max-width: 198px) 100vw, 198px\" \/><\/figure><\/div>\n\n\n\n<div id=\"buzzsprout-player-7843360\"><\/div>\n<script src=\"https:\/\/www.buzzsprout.com\/1691851\/7843360-autumn-leaves-duet-piano-clarinet.js?container_id=buzzsprout-player-7843360&#038;player=small\" type=\"text\/javascript\" charset=\"utf-8\"><\/script>\n<\/div>\n\n\n\n<div class=\"wp-block-column\" style=\"flex-basis:66.66%\">\n<p>He jugado al baloncesto desde los 9 a\u00f1os y nunca lo he dejado del todo. Ha sido una de mis pasiones. Mi puesto: base (\u201cplaymaker\u201d). Luego vino mi vocaci\u00f3n como cient\u00edfico, la que me hizo crecer profesionalmente. Recientemente me di cuenta de la conexi\u00f3n. Si me tuviera que definir en dos palabras, podr\u00eda decir que soy un&nbsp;<strong>\u201cplaymaker scientist\u201d: un innovador cient\u00edfico con capacidad de liderazgo<\/strong>,&nbsp;<strong>jugando para el equipo y apoyado en el entrenamiento y la mejora continua<\/strong>. Nunca he perdido la ilusi\u00f3n por el aprendizaje y sentirme un principiante. Hace unos 10 a\u00f1os empec\u00e9 a estudiar m\u00fasica y a tocar el clarinete, un instrumento con una limitaci\u00f3n: s\u00f3lo se puede hacer sonar una nota a la vez (monof\u00f3nico). Cuando comenc\u00e9 a tocar en una banda musical y sent\u00ed el poder de la armon\u00eda, el disfrute se multiplic\u00f3. Como cuando jugaba en mi equipo de baloncesto, como cuando trabajo en equipos profesionales multidisciplinares, inclusivos y diversos. \u201cHelp Me, Help You\u201d.&nbsp;<\/p>\n<\/div>\n<\/div>\n\n\n\n<p>Mi estilo de gesti\u00f3n de equipos sit\u00faa a&nbsp;<strong>las personas en el centro de gravedad<\/strong>, buscando la delegaci\u00f3n responsable, la auto-organizaci\u00f3n, la sostenibilidad y el crecimiento del individuo y su talento. Creo m\u00e1s en establecer una \u201ccultura\u201d que una \u201cestrategia\u201d&nbsp;<em>(\u201cCulture eats Strategy for Breakfast\u201d, Peter Drucker<\/em>). Motivado por transmitir el conocimiento adquirido a trav\u00e9s del asesoramiento, la consultor\u00eda y la ense\u00f1anza.<strong>&nbsp;<\/strong>Desde la divulgaci\u00f3n cient\u00edfica hasta impartir cursos acad\u00e9micos. <span style=\"color:#b15c01\" class=\"has-inline-color\"><strong>Esta vocaci\u00f3n es la que me ha llevado a iniciar este blog. Os invito a que os embarqu\u00e9is en esta traves\u00eda que haremos conjuntamente.<\/strong> <strong>Asimismo, si tienes alguna consulta en la que pueda serte de utilidad, echa un vistazo en la p\u00e1gina de <a href=\"https:\/\/sciengementlab.com\/index.php\/consulting\/\">CONSULTING<\/a> y h\u00e1zmelo saber. Me encantar\u00eda poder ayudarte.<\/strong><\/span><\/p>\n\n\n\n<div class=\"wp-block-group alignfull\"><div class=\"wp-block-group__inner-container\">\n<h2 class=\"has-text-align-center has-button-hover-text-color-background-color has-background\"><strong><em>Nuestra&nbsp;<\/em>\u201cdeclaraci\u00f3n de intenciones\u201d<em>&nbsp;para el blog<\/em><\/strong><\/h2>\n<\/div><\/div>\n\n\n\n<ul><li>Aplicar la estructura del pensamiento y m\u00e9todo cient\u00edficos en el an\u00e1lisis de las cuestiones a estudiar.<\/li><li>Revisar conocimiento cient\u00edfico b\u00e1sico aplicable a la gesti\u00f3n de organizaciones de personas y procesos empresariales.&nbsp;<\/li><li>Abrir el foro al intercambio de ideas y conocimiento cient\u00edfico en la gesti\u00f3n.<\/li><\/ul>\n<div class=\"likebtn_container\" style=\"\"><!-- LikeBtn.com BEGIN --><span class=\"likebtn-wrapper\"  data-identifier=\"page_173\"  data-site_id=\"5f5dea62943ec93c4ca12a8a\"  data-dislike_enabled=\"false\"  data-icon_dislike_show=\"false\"  data-style=\"\"  data-unlike_allowed=\"\"  data-show_copyright=\"\"  data-item_url=\"https:\/\/sciengementlab.com\/index.php\/about\/\"  data-item_title=\"Acerca de\"  data-item_date=\"2020-09-08T17:04:28+00:00\"  data-engine=\"WordPress\"  data-plugin_v=\"2.6.29\"  data-prx=\"https:\/\/sciengementlab.com\/wp-admin\/admin-ajax.php?action=likebtn_prx\"  data-event_handler=\"likebtn_eh\" ><\/span><!-- LikeBtn.com END --><\/div>","protected":false},"excerpt":{"rendered":"<p>Hola, soy Julio Mart\u00edn, cient\u00edfico experimentado en la gesti\u00f3n de innovaci\u00f3n y el liderazgo de equipos en la empresa (\u201cbusiness and playmaker scientist\u201d) \u201cNo puedes conectar los puntos&nbsp;mirando hacia adelante; solo&nbsp;puedes&nbsp;hacerlo mirando hacia atr\u00e1s\u201d Steve Jobs A lo largo de&nbsp;29 &hellip;<\/p>\n<p class=\"read-more\"> <a class=\"more-link\" href=\"https:\/\/sciengementlab.com\/index.php\/about\/\"> <span class=\"screen-reader-text\">Acerca de<\/span> Leer m\u00e1s \u00bb<\/a><\/p>\n<div class=\"likebtn_container\" style=\"\"><!-- LikeBtn.com BEGIN --><span class=\"likebtn-wrapper\"  data-identifier=\"page_173\"  data-site_id=\"5f5dea62943ec93c4ca12a8a\"  data-dislike_enabled=\"false\"  data-icon_dislike_show=\"false\"  data-style=\"\"  data-unlike_allowed=\"\"  data-show_copyright=\"\"  data-item_url=\"https:\/\/sciengementlab.com\/index.php\/about\/\"  data-item_title=\"Acerca de\"  data-item_date=\"2020-09-08T17:04:28+00:00\"  data-engine=\"WordPress\"  data-plugin_v=\"2.6.29\"  data-prx=\"https:\/\/sciengementlab.com\/wp-admin\/admin-ajax.php?action=likebtn_prx\"  data-event_handler=\"likebtn_eh\" ><\/span><!-- LikeBtn.com END --><\/div><a class=\"excerpt-more\" href=\"https:\/\/sciengementlab.com\/index.php\/about\/\">Read More<i class=\"fa fa-chevron-circle-right\" aria-hidden=\"true\"><\/i><\/a>","protected":false},"author":2,"featured_media":0,"parent":0,"menu_order":2,"comment_status":"closed","ping_status":"closed","template":"","meta":{"_monsterinsights_skip_tracking":false,"_monsterinsights_sitenote_active":false,"_monsterinsights_sitenote_note":"","_monsterinsights_sitenote_category":0},"yoast_head":"<!-- This site is optimized with the Yoast SEO plugin v14.9 - https:\/\/yoast.com\/wordpress\/plugins\/seo\/ -->\n<title>Acerca de - Sciengement Lab<\/title>\n<meta name=\"robots\" content=\"index, follow, max-snippet:-1, max-image-preview:large, max-video-preview:-1\" \/>\n<link rel=\"canonical\" href=\"https:\/\/sciengementlab.com\/index.php\/about\/\" \/>\n<meta property=\"og:locale\" content=\"es_ES\" \/>\n<meta property=\"og:type\" content=\"article\" \/>\n<meta property=\"og:title\" content=\"Acerca de - Sciengement Lab\" \/>\n<meta property=\"og:description\" content=\"Hola, soy Julio Mart\u00edn, cient\u00edfico experimentado en la gesti\u00f3n de innovaci\u00f3n y el liderazgo de equipos en la empresa (\u201cbusiness and playmaker scientist\u201d) \u201cNo puedes conectar los puntos&nbsp;mirando hacia adelante; solo&nbsp;puedes&nbsp;hacerlo mirando hacia atr\u00e1s\u201d Steve Jobs A lo largo de&nbsp;29 &hellip; Acerca de Leer m\u00e1s \u00bb\" \/>\n<meta property=\"og:url\" content=\"https:\/\/sciengementlab.com\/index.php\/about\/\" \/>\n<meta property=\"og:site_name\" content=\"Sciengement Lab\" \/>\n<meta property=\"article:modified_time\" content=\"2021-02-13T16:43:10+00:00\" \/>\n<meta property=\"og:image\" content=\"https:\/\/sciengementlab.com\/wp-content\/uploads\/2020\/09\/Julio-COnferencia-Foto.png\" \/>\n<meta name=\"twitter:card\" content=\"summary_large_image\" \/>\n<script type=\"application\/ld+json\" class=\"yoast-schema-graph\">{\"@context\":\"https:\/\/schema.org\",\"@graph\":[{\"@type\":\"Organization\",\"@id\":\"https:\/\/sciengementlab.com\/#organization\",\"name\":\"Julio Martin\",\"url\":\"https:\/\/sciengementlab.com\/\",\"sameAs\":[],\"logo\":{\"@type\":\"ImageObject\",\"@id\":\"https:\/\/sciengementlab.com\/#logo\",\"inLanguage\":\"es\",\"url\":\"https:\/\/sciengementlab.com\/wp-content\/uploads\/2020\/09\/Sciengement-LOGO-Bloques-Manos-Brain-WHITE.png\",\"width\":431,\"height\":440,\"caption\":\"Julio Martin\"},\"image\":{\"@id\":\"https:\/\/sciengementlab.com\/#logo\"}},{\"@type\":\"WebSite\",\"@id\":\"https:\/\/sciengementlab.com\/#website\",\"url\":\"https:\/\/sciengementlab.com\/\",\"name\":\"Sciengement Lab\",\"description\":\"Think Science in Management\",\"publisher\":{\"@id\":\"https:\/\/sciengementlab.com\/#organization\"},\"potentialAction\":[{\"@type\":\"SearchAction\",\"target\":\"https:\/\/sciengementlab.com\/?s={search_term_string}\",\"query-input\":\"required name=search_term_string\"}],\"inLanguage\":\"es\"},{\"@type\":\"ImageObject\",\"@id\":\"https:\/\/sciengementlab.com\/index.php\/about\/#primaryimage\",\"inLanguage\":\"es\",\"url\":\"https:\/\/sciengementlab.com\/wp-content\/uploads\/2020\/09\/Julio-COnferencia-Foto.png\",\"width\":721,\"height\":605},{\"@type\":\"WebPage\",\"@id\":\"https:\/\/sciengementlab.com\/index.php\/about\/#webpage\",\"url\":\"https:\/\/sciengementlab.com\/index.php\/about\/\",\"name\":\"Acerca de - Sciengement Lab\",\"isPartOf\":{\"@id\":\"https:\/\/sciengementlab.com\/#website\"},\"primaryImageOfPage\":{\"@id\":\"https:\/\/sciengementlab.com\/index.php\/about\/#primaryimage\"},\"datePublished\":\"2020-09-08T17:04:28+00:00\",\"dateModified\":\"2021-02-13T16:43:10+00:00\",\"breadcrumb\":{\"@id\":\"https:\/\/sciengementlab.com\/index.php\/about\/#breadcrumb\"},\"inLanguage\":\"es\",\"potentialAction\":[{\"@type\":\"ReadAction\",\"target\":[\"https:\/\/sciengementlab.com\/index.php\/about\/\"]}]},{\"@type\":\"BreadcrumbList\",\"@id\":\"https:\/\/sciengementlab.com\/index.php\/about\/#breadcrumb\",\"itemListElement\":[{\"@type\":\"ListItem\",\"position\":1,\"item\":{\"@type\":\"WebPage\",\"@id\":\"https:\/\/sciengementlab.com\/\",\"url\":\"https:\/\/sciengementlab.com\/\",\"name\":\"Portada\"}},{\"@type\":\"ListItem\",\"position\":2,\"item\":{\"@type\":\"WebPage\",\"@id\":\"https:\/\/sciengementlab.com\/index.php\/about\/\",\"url\":\"https:\/\/sciengementlab.com\/index.php\/about\/\",\"name\":\"Acerca de\"}}]}]}<\/script>\n<!-- \/ Yoast SEO plugin. -->","_links":{"self":[{"href":"https:\/\/sciengementlab.com\/index.php\/wp-json\/wp\/v2\/pages\/173"}],"collection":[{"href":"https:\/\/sciengementlab.com\/index.php\/wp-json\/wp\/v2\/pages"}],"about":[{"href":"https:\/\/sciengementlab.com\/index.php\/wp-json\/wp\/v2\/types\/page"}],"author":[{"embeddable":true,"href":"https:\/\/sciengementlab.com\/index.php\/wp-json\/wp\/v2\/users\/2"}],"replies":[{"embeddable":true,"href":"https:\/\/sciengementlab.com\/index.php\/wp-json\/wp\/v2\/comments?post=173"}],"version-history":[{"count":39,"href":"https:\/\/sciengementlab.com\/index.php\/wp-json\/wp\/v2\/pages\/173\/revisions"}],"predecessor-version":[{"id":1366,"href":"https:\/\/sciengementlab.com\/index.php\/wp-json\/wp\/v2\/pages\/173\/revisions\/1366"}],"wp:attachment":[{"href":"https:\/\/sciengementlab.com\/index.php\/wp-json\/wp\/v2\/media?parent=173"}],"curies":[{"name":"wp","href":"https:\/\/api.w.org\/{rel}","templated":true}]}}