{"id":48,"date":"2020-08-29T21:00:34","date_gmt":"2020-08-29T21:00:34","guid":{"rendered":"https:\/\/sciengementlab.wordpress.com\/?page_id=48"},"modified":"2023-10-27T08:53:11","modified_gmt":"2023-10-27T08:53:11","slug":"biblioteca","status":"publish","type":"page","link":"https:\/\/sciengementlab.com\/index.php\/biblioteca\/","title":{"rendered":"Biblioteca"},"content":{"rendered":"\n<div class=\"wp-block-image\"><figure class=\"aligncenter size-large\"><img src=\"https:\/\/sciengementlab.com\/wp-content\/uploads\/2020\/09\/image.jpeg\" alt=\"\" class=\"wp-image-1044\"\/><figcaption>Photo by Element5 Digital on <a href=\"https:\/\/www.pexels.com\/es-es\/foto\/adentro-aprender-aprendiendo-aprendizaje-1370295\/\" rel=\"nofollow\">Pexels.com<\/a><\/figcaption><\/figure><\/div>\n\n\n\n<p class=\"has-large-font-size\"><span class=\"has-inline-color has-button-hover-color-color\">Capitulo 1: Gesti\u00f3n de la Complejidad<\/span><\/p>\n\n\n\n<p class=\"has-medium-font-size\"><span class=\"has-inline-color has-button-hover-color-color\"><strong>Art\u00edculo 1:<\/strong> <strong>El Mundo de la Revoluci\u00f3n Industrial 3.0: Viviendo en una Sociedad Fluida e Hiper-conectada. \u201cBe Water, My VULCANIAN Friend\u201d<\/strong><\/span><\/p>\n\n\n\n<ul><li>Bauman, Zygmunt (2002). <em>\u00abModernidad l\u00edquida\u00bb<\/em>. Editorial: Fondo de Cultura Econ\u00f3mica de Espa\u00f1a, S.L. M\u00e9xico. ISBN 978-9505575138. <\/li><li>Ferry, Luc (2017). <em>\u00abLa revoluci\u00f3n transhumanista: C\u00f3mo la tecnomedicina y la uberizaci\u00f3n del mundo van a transformar nuestras vidas\u201c<\/em>. Editorial: Alianza Editorial, Grupo Anaya. ISBN 978-8491046912.<\/li><li>Gay de Li\u00e9bana, Jos\u00e9 Mar\u00eda (2020). <em>\u00abRevoluci\u00f3n Tecnol\u00f3gica y Nueva Econom\u00eda: Todos los Secretos Contables de Apple, Google, Facebook y Amazon al Descubierto\u00bb<\/em>. Editorial: DEUSTO, S.A. Ediciones. Barcelona. ISBN 978-8423431281.<\/li><li>Gorissen, Leen (2020). <em>\u00abBuilding the Future of Innovation on Millions of Years of Natural Intelligence\u00bb<\/em>. Editorial: Studio Transitio. ISBN 978-9464007572.<\/li><li>Harari, Yuval Noah (2017). \u00abHomo Deus: Breve Historia del Ma\u00f1ana\u00bb. Editorial: DEBATE. ISBN 978-8499928081.<\/li><li>Sol\u00e9, Ricard; Moses, Melanie; Forrest, Stephanie (2019). <em>\u00abLiquid brains, solid brains\u00bb<\/em>. <em>Phil. Trans. R. Soc. B<\/em>, Vol. 374: 20190040, <a href=\"https:\/\/doi.org\/10.1098\/rstb.2019.0040\">http:\/\/doi.org\/10.1098\/rstb.2019.0040<\/a><\/li><\/ul>\n\n\n\n<p class=\"has-medium-font-size\"><span class=\"has-inline-color has-button-hover-color-color\"><strong>Art\u00edculo 2:<\/strong> <strong><strong>El Gran Reto VULCANIANO: Programando lo Impredecibible y Sosteniendo el Cambio<\/strong><\/strong><\/span><\/p>\n\n\n\n<ul><li>Rod\u00f3, Jos\u00e9 Enrique (2006). <em>\u00abMotivos de Proteo\u00bb<\/em>. Biblioteca Virtual Miguel de Cervantes. &nbsp;http:\/\/www.cervantesvirtual.com\/nd\/ark:\/59851\/bmc3n218. Publicaci\u00f3n original: Montevideo, Casa A. Barreiro y Ramos, 1957. <\/li><li>Dorenbaum, David (2020) <em>\u00ab\u00bfPodemos los Seres Humanos Cambiar?\u00bb<\/em>. EL PAIS SEMANAL, 2 de Agosto de 2020.<\/li><li>Parrish, Shane y Farnam Street (2012) <em>\u00abThe Red Queen Effect<\/em>: <em>Avoid Running Faster and Faster Only to Stay in the Same Place<\/em>\u00ab. https:\/\/fs.blog\/2012\/10\/the-red-queen-effect\/<\/li><\/ul>\n\n\n\n<p class=\"has-medium-font-size\"><span class=\"has-inline-color has-button-hover-color-color\"><strong>Art\u00edculo 3:<\/strong> <strong><strong>La Simplicidad del lo Complejo y La Teor\u00eda del Caos<\/strong><\/strong><\/span><\/p>\n\n\n\n<ul id=\"block-133e6120-6b2d-40f8-880a-a539bbf9ed28\"><li>Anonymous: The School of Wisdom. \u201c<em>The Four Chaos Attractors\u201d<\/em>.\u00a0<a href=\"https:\/\/schoolofwisdom.com\/fractal-wisdom\/four-chaos-attractors\/\">Link to on-line publication<\/a>.<\/li><li>Cornejo Alvarez, Alfonso (2004) \u201c<em><a href=\"https:\/\/www.eumed.net\/cursecon\/libreria\/2004\/aca\/37.pdf\">Complejidad y Caos: Gu\u00eda para la Administraci\u00f3n del Siglo XXI<\/a><\/em>\u201c. Biblioteca Virtual de Derecho, Econom\u00eda Ciencias Sociales y Tesis Doctorales.\u00a0<a href=\"https:\/\/www.eumed.net\/cursecon\/libreria\/2004\/aca\/aca.htm\">Link to on-line publication<\/a>.<\/li><li>Jaeger, H. y Liu, A.J. (2010) <em><a href=\"https:\/\/arxiv.org\/pdf\/1009.4874.pdf\">\u00abFar-from-Equilibrium Physics: An Overview\u00bb<\/a><\/em>. <a href=\"https:\/\/arxiv.org\/pdf\/1009.4874.pdf\">Link to on-line publication<\/a>.<\/li><li>M\u00e9ndez, Mart\u00edn (2023) \u00ab<em>La estetica del caos\u00bb. <\/em><a href=\"https:\/\/www.jotdown.es\/2023\/10\/la-estetica-del-caos\/\">Link to on-line publication<\/a>. <\/li><li>Prigogine, Ilya y Stengers Isabelle (1984)\u00a0<em>\u201cOrder out of chaos: Man\u2019s new dialogue with nature\u201d<\/em>. Editorial Bantam Books. ISBN:\u00a0978-0553340822<\/li><li>Rosenhead, Jonathan (1998) \u201c<em>Complexity Theory and Management Practice\u201d.\u00a0<\/em><a href=\"http:\/\/gsbblogs.uct.ac.za\/walterbaets\/files\/2009\/09\/rosenhead1.html\">Link to on-line publication<\/a>.<\/li><li>Santosus, Megan (1998).\u00a0<em>\u201cSimple, Yet Complex\u201d<\/em>. Business Management-CIO Enterprise Magazine.\u00a0<a href=\"https:\/\/books.google.es\/books?id=BAoAAAAAMBAJ&amp;pg=PA63&amp;lpg=PA63&amp;dq=megan+santosus+simple,+yet+complex&amp;source=bl&amp;ots=aehJfufohl&amp;sig=ACfU3U1ZROmCCR3z2RoNJ6fNVdYF1drRug&amp;hl=es&amp;sa=X&amp;ved=2ahUKEwinj-Ld_9ntAhUGxIUKHbSXD_0Q6AEwCnoECAMQAg#v=onepage&amp;q=megan%20santosus%20simple%2C%20yet%20complex&amp;f=false\">Link to on-line publication<\/a>.<\/li><li>Systems Innovation eLearning (2020).\u201d<em>Complexity Theory: An Introduction\u201d.\u00a0<\/em>UDEMY On-line course.<\/li><\/ul>\n\n\n\n<p class=\"has-medium-font-size\"><span class=\"has-inline-color has-button-hover-color-color\"><strong>Art\u00edculo 4:<\/strong> <strong><strong>Gu\u00eda para Organizaciones Navegando en la Frontera del Caos<\/strong><\/strong><\/span><\/p>\n\n\n\n<ul><li>Moravec, J.W.; Spinder P.; Stokman, B.; Besselink, T. <em>et al.<\/em> (2013). <em>\u00abKnowmad Society\u00bb.<\/em> Education Futures LLC, edited by John W. Moravec. <a href=\"https:\/\/www2.educationfutures.com\/books\/knowmadsociety\/download\/KnowmadSociety.pdf\">Link to on-line publication<\/a>.<\/li><li>Roca, R. (2018). <em>\u00abKnowmads: Los Trabajadores del Futuro\u00bb<\/em>. LID Editorial Empresarial.&nbsp;ISBN: 978-8417277345.<\/li><li>Saratxaga, K. (2004). <em>\u00ab\u00bfSinfon\u00eda o Jazz?: Koldo Saratxaga y el Modelo Ir\u00edzar. Un Modelo Basado en las Personas\u00bb<\/em>. Editorial Granica. ISBN: 9788475777207.<\/li><li>Satell, G. (2015). <em>\u00abWhat Makes an Organisation Networked<\/em>\u00ab. Harvard Business Review. <a href=\"https:\/\/hbr.org\/2015\/06\/what-makes-an-organization-networked\">Link to on-line publication<\/a>.<\/li><li>Ticoll, D. (2004). <em>\u00abGet Self-Organised\u00bb<\/em>. Harvard Business Review. <a href=\"https:\/\/hbr.org\/2004\/09\/get-self-organized\">Link to on-line publicatio<\/a>n.<\/li><\/ul>\n\n\n\n<p class=\"has-medium-font-size\"><span class=\"has-inline-color has-button-hover-color-color\"><strong>Art\u00edculo 5:<\/strong> <strong><strong><strong>Autoorganizaci\u00f3n: Holocracia,&nbsp;Abejas y Organoides&nbsp;<\/strong><\/strong><\/strong><\/span><\/p>\n\n\n\n<ul><li>La Casa de las Abejas: Aula Museo Abejas del Valle. <a href=\"https:\/\/www.abejasdelvalle.com\/index.htm\">Link to home page<\/a>.<\/li><li>Lunde, Maja (2016). <em>\u00abHistoria de las Abejas\u00bb<\/em>. Editorial Siruela, Madrid. ISBN: 9788416854134.<\/li><li>Kim, J.; Koo, B.-K. and Knoblich, J.K. (2020). <em>\u00abHuman organoids: model systems for human biology and medicine\u00bb<\/em>. <a href=\"https:\/\/www.nature.com\/nrm\"><em>Nature Reviews Molecular Cell Biology<\/em><\/a>&nbsp;volume&nbsp;21,&nbsp;pages&nbsp;571\u201358. <a href=\"https:\/\/www.nature.com\/articles\/s41580-020-0259-3\">Link to on-line publication<\/a> <\/li><li>Llaneras, K. (2021). \u00abLa Newsletter de Kiko Llaneras (7 Octubre 2021)\u00bb. EL PAIS. <a href=\"http:\/\/m.newsletter.elpais.com\/nl\/jsp\/m.jsp?c=%40DZ8OAAtcla0wpYyyJ4PD4uwHEgjC3cBRzy7m950PGDE%3D&amp;mid=DM84101&amp;bid=754384904\">Link to on-line publication<\/a>  <\/li><li>So\u00e9l, R.; Moses, M. and Forres, S. (2019). <em>\u00abLiquid brains, solid brains\u00bb<\/em>. <a href=\"https:\/\/royalsocietypublishing.org\/doi\/10.1098\/rstb.2019.0040#\">The Royal Society Publishing. <\/a><a href=\"https:\/\/doi.org\/10.1098\/rstb.2019.0040\">Link to on-line publication.<\/a><\/li><li>Wilson, Edward (2013). <em>\u00abThe Social COnquest of Earth\u00bb.<\/em> Liveright. ISBN: 978-0871403636<\/li><li><strong><span class=\"has-inline-color has-button-color-color\">Modelo \u00abTeal\u00bb de Organizaciones:<\/span><\/strong><ul><li>Laloux, F (2014). <em>\u00abReinventing Organizations: A Guide to Creating Organizations Inspired by the Next Stage in Human Consciousness\u00bb<\/em>. Nelson Parker Ed. ISBN: 978-2960133509.<\/li><li><a href=\"https:\/\/reinventingorganizationswiki.com\/\">https:\/\/reinventingorganizationswiki.com\/<\/a><\/li><li><a href=\"https:\/\/www.sociedaddelainnovacion.es\/50-practicas-organizativas-revolucionarias-cambiaran-futuro-organizacion-basado-modelo-teal\/\">https:\/\/www.sociedaddelainnovacion.es\/50-practicas-organizativas-revolucionarias-cambiaran-futuro-organizacion-basado-modelo-teal\/<\/a><\/li><\/ul><\/li><li><strong><span class=\"has-inline-color has-button-color-color\">Holocracia<\/span><\/strong>:<ul><li><a href=\"https:\/\/youtu.be\/GoQU9FcE2NI\">https:\/\/youtu.be\/GoQU9FcE2NI<\/a><\/li><li><a href=\"https:\/\/hbr.org\/2016\/07\/beyond-the-holacracy-hype?registration=success\">https:\/\/hbr.org\/2016\/07\/beyond-the-holacracy-hype?registration=success<\/a><\/li><\/ul><ul><li><a href=\"https:\/\/www.vox.com\/2014\/7\/11\/5876235\/silicon-valleys-latest-management-craze-holacracy-explained?utm_medium=social&amp;utm_source=facebook&amp;utm_campaign=voxdotcom&amp;utm_content=saturday\">https:\/\/www.vox.com\/2014\/7\/11\/5876235\/silicon-valleys-latest-management-craze-holacracy-explained?utm_medium=social&amp;utm_source=facebook&amp;utm_campaign=voxdotcom&amp;utm_content=saturday<\/a><\/li><li><a href=\"https:\/\/www.holacracy.org\/explore\/why-practice-holacracy\">https:\/\/www.holacracy.org\/explore\/why-practice-holacracy<\/a><\/li><\/ul><\/li><\/ul>\n<div class=\"likebtn_container\" style=\"\"><!-- LikeBtn.com BEGIN --><span class=\"likebtn-wrapper\"  data-identifier=\"page_48\"  data-site_id=\"5f5dea62943ec93c4ca12a8a\"  data-dislike_enabled=\"false\"  data-icon_dislike_show=\"false\"  data-style=\"\"  data-unlike_allowed=\"\"  data-show_copyright=\"\"  data-item_url=\"https:\/\/sciengementlab.com\/index.php\/biblioteca\/\"  data-item_title=\"Biblioteca\"  data-item_date=\"2020-08-29T21:00:34+00:00\"  data-engine=\"WordPress\"  data-plugin_v=\"2.6.29\"  data-prx=\"https:\/\/sciengementlab.com\/wp-admin\/admin-ajax.php?action=likebtn_prx\"  data-event_handler=\"likebtn_eh\" ><\/span><!-- LikeBtn.com END --><\/div>","protected":false},"excerpt":{"rendered":"<p>Capitulo 1: Gesti\u00f3n de la Complejidad Art\u00edculo 1: El Mundo de la Revoluci\u00f3n Industrial 3.0: Viviendo en una Sociedad Fluida e Hiper-conectada. \u201cBe Water, My VULCANIAN Friend\u201d Bauman, Zygmunt (2002). \u00abModernidad l\u00edquida\u00bb. Editorial: Fondo de Cultura Econ\u00f3mica de Espa\u00f1a, S.L. &hellip;<\/p>\n<p class=\"read-more\"> <a class=\"more-link\" href=\"https:\/\/sciengementlab.com\/index.php\/biblioteca\/\"> <span class=\"screen-reader-text\">Biblioteca<\/span> Leer m\u00e1s \u00bb<\/a><\/p>\n<div class=\"likebtn_container\" style=\"\"><!-- LikeBtn.com BEGIN --><span class=\"likebtn-wrapper\"  data-identifier=\"page_48\"  data-site_id=\"5f5dea62943ec93c4ca12a8a\"  data-dislike_enabled=\"false\"  data-icon_dislike_show=\"false\"  data-style=\"\"  data-unlike_allowed=\"\"  data-show_copyright=\"\"  data-item_url=\"https:\/\/sciengementlab.com\/index.php\/biblioteca\/\"  data-item_title=\"Biblioteca\"  data-item_date=\"2020-08-29T21:00:34+00:00\"  data-engine=\"WordPress\"  data-plugin_v=\"2.6.29\"  data-prx=\"https:\/\/sciengementlab.com\/wp-admin\/admin-ajax.php?action=likebtn_prx\"  data-event_handler=\"likebtn_eh\" ><\/span><!-- LikeBtn.com END --><\/div><a class=\"excerpt-more\" href=\"https:\/\/sciengementlab.com\/index.php\/biblioteca\/\">Read More<i class=\"fa fa-chevron-circle-right\" aria-hidden=\"true\"><\/i><\/a>","protected":false},"author":2,"featured_media":0,"parent":0,"menu_order":5,"comment_status":"closed","ping_status":"closed","template":"","meta":{"_monsterinsights_skip_tracking":false,"_monsterinsights_sitenote_active":false,"_monsterinsights_sitenote_note":"","_monsterinsights_sitenote_category":0},"yoast_head":"<!-- This site is optimized with the Yoast SEO plugin v14.9 - https:\/\/yoast.com\/wordpress\/plugins\/seo\/ -->\n<title>Biblioteca - Sciengement Lab<\/title>\n<meta name=\"robots\" content=\"index, follow, max-snippet:-1, max-image-preview:large, max-video-preview:-1\" \/>\n<link rel=\"canonical\" href=\"https:\/\/sciengementlab.com\/index.php\/biblioteca\/\" \/>\n<meta property=\"og:locale\" content=\"es_ES\" \/>\n<meta property=\"og:type\" content=\"article\" \/>\n<meta property=\"og:title\" content=\"Biblioteca - Sciengement Lab\" \/>\n<meta property=\"og:description\" content=\"Capitulo 1: Gesti\u00f3n de la Complejidad Art\u00edculo 1: El Mundo de la Revoluci\u00f3n Industrial 3.0: Viviendo en una Sociedad Fluida e Hiper-conectada. \u201cBe Water, My VULCANIAN Friend\u201d Bauman, Zygmunt (2002). \u00abModernidad l\u00edquida\u00bb. Editorial: Fondo de Cultura Econ\u00f3mica de Espa\u00f1a, S.L. &hellip; Biblioteca Leer m\u00e1s \u00bb\" \/>\n<meta property=\"og:url\" content=\"https:\/\/sciengementlab.com\/index.php\/biblioteca\/\" \/>\n<meta property=\"og:site_name\" content=\"Sciengement Lab\" \/>\n<meta property=\"article:modified_time\" content=\"2023-10-27T08:53:11+00:00\" \/>\n<meta property=\"og:image\" content=\"https:\/\/sciengementlab.com\/wp-content\/uploads\/2020\/09\/image.jpeg\" \/>\n<meta name=\"twitter:card\" content=\"summary_large_image\" \/>\n<script type=\"application\/ld+json\" class=\"yoast-schema-graph\">{\"@context\":\"https:\/\/schema.org\",\"@graph\":[{\"@type\":\"Organization\",\"@id\":\"https:\/\/sciengementlab.com\/#organization\",\"name\":\"Julio Martin\",\"url\":\"https:\/\/sciengementlab.com\/\",\"sameAs\":[],\"logo\":{\"@type\":\"ImageObject\",\"@id\":\"https:\/\/sciengementlab.com\/#logo\",\"inLanguage\":\"es\",\"url\":\"https:\/\/sciengementlab.com\/wp-content\/uploads\/2020\/09\/Sciengement-LOGO-Bloques-Manos-Brain-WHITE.png\",\"width\":431,\"height\":440,\"caption\":\"Julio Martin\"},\"image\":{\"@id\":\"https:\/\/sciengementlab.com\/#logo\"}},{\"@type\":\"WebSite\",\"@id\":\"https:\/\/sciengementlab.com\/#website\",\"url\":\"https:\/\/sciengementlab.com\/\",\"name\":\"Sciengement Lab\",\"description\":\"Think Science in Management\",\"publisher\":{\"@id\":\"https:\/\/sciengementlab.com\/#organization\"},\"potentialAction\":[{\"@type\":\"SearchAction\",\"target\":\"https:\/\/sciengementlab.com\/?s={search_term_string}\",\"query-input\":\"required name=search_term_string\"}],\"inLanguage\":\"es\"},{\"@type\":\"ImageObject\",\"@id\":\"https:\/\/sciengementlab.com\/index.php\/biblioteca\/#primaryimage\",\"inLanguage\":\"es\",\"url\":\"https:\/\/sciengementlab.com\/wp-content\/uploads\/2020\/09\/image.jpeg\"},{\"@type\":\"WebPage\",\"@id\":\"https:\/\/sciengementlab.com\/index.php\/biblioteca\/#webpage\",\"url\":\"https:\/\/sciengementlab.com\/index.php\/biblioteca\/\",\"name\":\"Biblioteca - Sciengement Lab\",\"isPartOf\":{\"@id\":\"https:\/\/sciengementlab.com\/#website\"},\"primaryImageOfPage\":{\"@id\":\"https:\/\/sciengementlab.com\/index.php\/biblioteca\/#primaryimage\"},\"datePublished\":\"2020-08-29T21:00:34+00:00\",\"dateModified\":\"2023-10-27T08:53:11+00:00\",\"breadcrumb\":{\"@id\":\"https:\/\/sciengementlab.com\/index.php\/biblioteca\/#breadcrumb\"},\"inLanguage\":\"es\",\"potentialAction\":[{\"@type\":\"ReadAction\",\"target\":[\"https:\/\/sciengementlab.com\/index.php\/biblioteca\/\"]}]},{\"@type\":\"BreadcrumbList\",\"@id\":\"https:\/\/sciengementlab.com\/index.php\/biblioteca\/#breadcrumb\",\"itemListElement\":[{\"@type\":\"ListItem\",\"position\":1,\"item\":{\"@type\":\"WebPage\",\"@id\":\"https:\/\/sciengementlab.com\/\",\"url\":\"https:\/\/sciengementlab.com\/\",\"name\":\"Portada\"}},{\"@type\":\"ListItem\",\"position\":2,\"item\":{\"@type\":\"WebPage\",\"@id\":\"https:\/\/sciengementlab.com\/index.php\/biblioteca\/\",\"url\":\"https:\/\/sciengementlab.com\/index.php\/biblioteca\/\",\"name\":\"Biblioteca\"}}]}]}<\/script>\n<!-- \/ Yoast SEO plugin. -->","_links":{"self":[{"href":"https:\/\/sciengementlab.com\/index.php\/wp-json\/wp\/v2\/pages\/48"}],"collection":[{"href":"https:\/\/sciengementlab.com\/index.php\/wp-json\/wp\/v2\/pages"}],"about":[{"href":"https:\/\/sciengementlab.com\/index.php\/wp-json\/wp\/v2\/types\/page"}],"author":[{"embeddable":true,"href":"https:\/\/sciengementlab.com\/index.php\/wp-json\/wp\/v2\/users\/2"}],"replies":[{"embeddable":true,"href":"https:\/\/sciengementlab.com\/index.php\/wp-json\/wp\/v2\/comments?post=48"}],"version-history":[{"count":29,"href":"https:\/\/sciengementlab.com\/index.php\/wp-json\/wp\/v2\/pages\/48\/revisions"}],"predecessor-version":[{"id":1865,"href":"https:\/\/sciengementlab.com\/index.php\/wp-json\/wp\/v2\/pages\/48\/revisions\/1865"}],"wp:attachment":[{"href":"https:\/\/sciengementlab.com\/index.php\/wp-json\/wp\/v2\/media?parent=48"}],"curies":[{"name":"wp","href":"https:\/\/api.w.org\/{rel}","templated":true}]}}