{"id":856,"date":"2020-09-16T10:49:28","date_gmt":"2020-09-16T10:49:28","guid":{"rendered":"https:\/\/sciengementlab.com\/?page_id=856"},"modified":"2023-10-27T08:54:20","modified_gmt":"2023-10-27T08:54:20","slug":"biblioteca-2","status":"publish","type":"page","link":"https:\/\/sciengementlab.com\/index.php\/en\/biblioteca-2\/","title":{"rendered":"Library"},"content":{"rendered":"\n<div class=\"wp-block-image\"><figure class=\"aligncenter size-large\"><img loading=\"lazy\" width=\"1024\" height=\"684\" src=\"https:\/\/sciengementlab.com\/wp-content\/uploads\/2021\/10\/Library-1-1024x684.jpeg\" alt=\"\" class=\"wp-image-1748\" srcset=\"https:\/\/sciengementlab.com\/wp-content\/uploads\/2021\/10\/Library-1-1024x684.jpeg 1024w, https:\/\/sciengementlab.com\/wp-content\/uploads\/2021\/10\/Library-1-300x200.jpeg 300w, https:\/\/sciengementlab.com\/wp-content\/uploads\/2021\/10\/Library-1-768x513.jpeg 768w\" sizes=\"(max-width: 1024px) 100vw, 1024px\" \/><\/figure><\/div>\n\n\n\n<p class=\"has-large-font-size\"><span class=\"has-inline-color has-button-hover-color-color\">Chapter 1: Complexity Management<\/span><\/p>\n\n\n\n<p class=\"has-medium-font-size\"><span class=\"has-inline-color has-button-hover-color-color\"><strong>Article 1:<\/strong> <strong><strong>The World of the Industrial Revolution 3.0: Living in a Fluid and Hyper-connected Society<\/strong>. \u201cBe Water, My VULCANIAN Friend\u201d<\/strong><\/span> <\/p>\n\n\n\n<ul><li>Bauman, Zygmunt (2000). <em>\u00abLiquid Modernity\u00bb<\/em>. Editor: Blackwell Publishers. ISBN 0745624103. <\/li><li>Ferry, Luc (2017). <em>\u00abLa revoluci\u00f3n transhumanista: C\u00f3mo la tecnomedicina y la uberizaci\u00f3n del mundo van a transformar nuestras vidas\u201c<\/em>. Editor: Alianza Editorial, Grupo Anaya. ISBN 978-8491046912.<\/li><li>Gay de Li\u00e9bana, Jos\u00e9 Mar\u00eda (2020). <em>\u00abRevoluci\u00f3n Tecnol\u00f3gica y Nueva Econom\u00eda: Todos los Secretos Contables de Apple, Google, Facebook y Amazon al Descubierto\u00bb<\/em>. Editor: DEUSTO, S.A. Ediciones. Barcelona. ISBN 978-8423431281.<\/li><li>Gorissen, Leen (2020). <em>\u00abBuilding the Future of Innovation on Millions of Years of Natural Intelligence\u00bb<\/em>. Editor: Studio Transitio. ISBN 978-9464007572.<\/li><li>Harari, Yuval Noah (2017). \u00abHomo Deus: a Brief History of Tomorrow\u00bb. Editor: Random House UK. ISBN 978-1784703936.<\/li><li>Sol\u00e9, Ricard; Moses, Melanie; Forrest, Stephanie (2019). <em>\u00abLiquid brains, solid brains\u00bb<\/em>. <em>Phil. Trans. R. Soc. B<\/em>, Vol. 374: 20190040, <a href=\"https:\/\/doi.org\/10.1098\/rstb.2019.0040\">http:\/\/doi.org\/10.1098\/rstb.2019.0040<\/a>.<\/li><\/ul>\n\n\n\n<p class=\"has-medium-font-size\"><span class=\"has-inline-color has-button-hover-color-color\"><strong>Article 2:<\/strong> <strong><strong><strong>The Grand VULCANIAN Challenge: Planning the Uncertainty and Sustaining the Change<\/strong><\/strong><\/strong><\/span><\/p>\n\n\n\n<ul id=\"block-133e6120-6b2d-40f8-880a-a539bbf9ed28\"><li>Dorenbaum, David (2020) <em>\u00ab\u00bfPodemos los Seres Humanos Cambiar?\u00bb<\/em>. EL PAIS SEMANAL, 2<sup>nd<\/sup> August 2020.<\/li><li>Parrish, Shane and Farnam Street (2012) <em>\u00abThe Red Queen Effect<\/em>: <em>Avoid Running Faster and Faster Only to Stay in the Same Place<\/em>\u00ab. https:\/\/fs.blog\/2012\/10\/the-red-queen-effect\/<\/li><li>Rod\u00f3, Jos\u00e9 Enrique (2006). <em>\u00abMotivos de Proteo\u00bb<\/em>. Biblioteca Virtual Miguel de Cervantes. &nbsp;http:\/\/www.cervantesvirtual.com\/nd\/ark:\/59851\/bmc3n218. Original publication: Montevideo, Casa A. Barreiro y Ramos, 1957.<\/li><\/ul>\n\n\n\n<p class=\"has-medium-font-size\"><span class=\"has-inline-color has-button-hover-color-color\"><strong>Article 3:<\/strong> <strong><strong><strong>Understanding the Simplicity of Complexity: the Chaos Theory<\/strong><\/strong><\/strong><\/span><\/p>\n\n\n\n<ul id=\"block-133e6120-6b2d-40f8-880a-a539bbf9ed28\"><li>Anonymous: The School of Wisdom. \u00ab<em>The Four Chaos Attractors\u00bb<\/em>. <a href=\"https:\/\/schoolofwisdom.com\/fractal-wisdom\/four-chaos-attractors\/\">Link to on-line publication<\/a>.<\/li><li>Cornejo Alvarez, Alfonso (2004) \u00ab<em><a href=\"https:\/\/www.eumed.net\/cursecon\/libreria\/2004\/aca\/37.pdf\">Complejidad y Caos: Gu\u00eda para la Administraci\u00f3n del Siglo XXI<\/a><\/em>\u00ab. Biblioteca Virtual de Derecho, Econom\u00eda Ciencias Sociales y Tesis Doctorales. <a href=\"https:\/\/www.eumed.net\/cursecon\/libreria\/2004\/aca\/aca.htm\">Link to on-line publication<\/a>.<\/li><li>Jaeger, H. and Liu, A.J. (2010) <em><a href=\"https:\/\/arxiv.org\/pdf\/1009.4874.pdf\">\u00abFar-from-Equilibrium Physics: An Overview\u00bb<\/a><\/em>. <a href=\"https:\/\/arxiv.org\/pdf\/1009.4874.pdf\">Link to on-line publication<\/a>.<\/li><li>M\u00e9ndez, Mart\u00edn (2023) \u00ab<em>La estetica del caos\u00bb. <\/em><a href=\"https:\/\/www.jotdown.es\/2023\/10\/la-estetica-del-caos\/\">Link to on-line publication<\/a>.<\/li><li>Prigogine, Ilya and Stengers Isabelle (1984) <em>\u00abOrder out of chaos: Man&#8217;s new dialogue with nature\u00bb<\/em>. Editorial Bantam Books. ISBN:\u00a0978-0553340822.<\/li><li>Rosenhead, Jonathan (1998) \u00ab<em>Complexity Theory and Management Practice\u00bb. <\/em><a href=\"http:\/\/gsbblogs.uct.ac.za\/walterbaets\/files\/2009\/09\/rosenhead1.html\">Link to on-line publication<\/a>.<\/li><li>Santosus, Megan (1998). <em>\u00abSimple, Yet Complex\u00bb<\/em>. Business Management-CIO Enterprise Magazine. <a href=\"https:\/\/books.google.es\/books?id=BAoAAAAAMBAJ&amp;pg=PA63&amp;lpg=PA63&amp;dq=megan+santosus+simple,+yet+complex&amp;source=bl&amp;ots=aehJfufohl&amp;sig=ACfU3U1ZROmCCR3z2RoNJ6fNVdYF1drRug&amp;hl=es&amp;sa=X&amp;ved=2ahUKEwinj-Ld_9ntAhUGxIUKHbSXD_0Q6AEwCnoECAMQAg#v=onepage&amp;q=megan%20santosus%20simple%2C%20yet%20complex&amp;f=false\">Link to on-line publication<\/a>.<\/li><li>Systems Innovation eLearning (2020).\u00bb<em>Complexity Theory: An Introduction\u00bb. <\/em>UDEMY On-line course.<\/li><\/ul>\n\n\n\n<p class=\"has-medium-font-size\"><span class=\"has-inline-color has-button-hover-color-color\"><strong>Article 4:<\/strong> <strong><strong><strong>Navigation Guide for Organisations Sailing the Edge of Chaos<\/strong><\/strong><\/strong><\/span><\/p>\n\n\n\n<ul><li>Moravec, J.W.; Spinder P.; Stokman, B.; Besselink, T. <em>et al.<\/em> (2013). <em>\u00abKnowmad Society\u00bb.<\/em> Education Futures LLC, edited by John W. Moravec. <a href=\"https:\/\/www2.educationfutures.com\/books\/knowmadsociety\/download\/KnowmadSociety.pdf\">Link to on-line publication<\/a>.<\/li><li>Roca, R. (2018). <em>\u00abKnowmads: Los Trabajadores del Futuro\u00bb<\/em>. LID Editorial Empresarial.&nbsp;ISBN: 978-8417277345.<\/li><li>Saratxaga, K. (2004). <em>\u00ab\u00bfSinfonia o Jazz?: Koldo Saratxaga y el Modelo Irizar. Un Modelo Basado en las Personas\u00bb<\/em>. Editorial Granica. ISBN: 9788475777207.<\/li><li>Satell, G. (2015). <em>\u00abWhat Makes an Organisation Networked<\/em>\u00ab. Harvard Business Review. <a href=\"https:\/\/hbr.org\/2015\/06\/what-makes-an-organization-networked\">Link to on-line publication<\/a>.<\/li><li>Ticoll, D. (2004). <em>\u00abGet Self-Organised\u00bb<\/em>. Harvard Business Review. <a href=\"https:\/\/hbr.org\/2004\/09\/get-self-organized\">Link to on-line publication<\/a>.<\/li><\/ul>\n\n\n\n<p class=\"has-medium-font-size\"><span class=\"has-inline-color has-button-hover-color-color\"><strong>Article 5:<\/strong> <strong><strong><strong>Self-Organisation: Holacracy, Honeybees and Organoids<\/strong><\/strong><\/strong><\/span><\/p>\n\n\n\n<ul><li>La Casa de las Abejas: Aula Museo Abejas del Valle (The Honeybee Home: Classroom and Museum). <a href=\"https:\/\/www.abejasdelvalle.com\/index.htm\">Link to home page<\/a>.<\/li><li>Lunde, Maja (2017). <em>\u00abThe History of Bees\u00bb<\/em>. Touchstone PR. ISBN: 978-1501161377.<\/li><li>Kim, J.; Koo, B.-K. and Knoblich, J.K. (2020). <em>\u00abHuman organoids: model systems for human biology and medicine\u00bb<\/em>. <a href=\"https:\/\/www.nature.com\/nrm\"><em>Nature Reviews Molecular Cell Biology<\/em><\/a>&nbsp;volume&nbsp;21,&nbsp;pages&nbsp;571\u201358. <a href=\"https:\/\/www.nature.com\/articles\/s41580-020-0259-3\">Link to on-line publication<\/a> <\/li><li>Llaneras, K. (2021). \u00abLa Newsletter de Kiko Llaneras (7 Octubre 2021)\u00bb. EL PAIS. <a href=\"http:\/\/m.newsletter.elpais.com\/nl\/jsp\/m.jsp?c=%40DZ8OAAtcla0wpYyyJ4PD4uwHEgjC3cBRzy7m950PGDE%3D&amp;mid=DM84101&amp;bid=754384904\">Link to on-line publication<\/a>  <\/li><li>Sol\u00e9, R.; Moses, M. and Forres, S. (2019). <em>\u00abLiquid brains, solid brains\u00bb<\/em>. <a href=\"https:\/\/royalsocietypublishing.org\/doi\/10.1098\/rstb.2019.0040#\">The Royal Society Publishing. <\/a><a href=\"https:\/\/doi.org\/10.1098\/rstb.2019.0040\">Link to on-line publication.<\/a><\/li><li>Wilson, Edward (2013). <em>\u00abThe Social Conquest of Earth\u00bb<\/em>. Liveright. ISBN: 978-0871403636.<\/li><li><strong><span class=\"has-inline-color has-button-color-color\">\u00abTeal\u00bb Organisational Model:<\/span><\/strong><ul><li>Laloux, F (2014). <em>\u00abReinventing Organizations: A Guide to Creating Organizations Inspired by the Next Stage in Human Consciousness\u00bb<\/em>. Nelson Parker Ed. ISBN: 978-2960133509.<\/li><li><a href=\"https:\/\/reinventingorganizationswiki.com\/\">https:\/\/reinventingorganizationswiki.com\/<\/a><\/li><li><a href=\"https:\/\/www.sociedaddelainnovacion.es\/50-practicas-organizativas-revolucionarias-cambiaran-futuro-organizacion-basado-modelo-teal\/\">https:\/\/www.sociedaddelainnovacion.es\/50-practicas-organizativas-revolucionarias-cambiaran-futuro-organizacion-basado-modelo-teal\/<\/a><\/li><\/ul><\/li><li><strong><span class=\"has-inline-color has-button-color-color\">Holacracy<\/span><\/strong>:<ul><li><a href=\"https:\/\/youtu.be\/GoQU9FcE2NI\">https:\/\/youtu.be\/GoQU9FcE2NI<\/a><\/li><li><a href=\"https:\/\/hbr.org\/2016\/07\/beyond-the-holacracy-hype?registration=success\">https:\/\/hbr.org\/2016\/07\/beyond-the-holacracy-hype?registration=success<\/a><\/li><\/ul><ul><li><a href=\"https:\/\/www.vox.com\/2014\/7\/11\/5876235\/silicon-valleys-latest-management-craze-holacracy-explained?utm_medium=social&amp;utm_source=facebook&amp;utm_campaign=voxdotcom&amp;utm_content=saturday\">https:\/\/www.vox.com\/2014\/7\/11\/5876235\/silicon-valleys-latest-management-craze-holacracy-explained?utm_medium=social&amp;utm_source=facebook&amp;utm_campaign=voxdotcom&amp;utm_content=saturday<\/a><\/li><li><a href=\"https:\/\/www.holacracy.org\/explore\/why-practice-holacracy\">https:\/\/www.holacracy.org\/explore\/why-practice-holacracy<\/a><\/li><\/ul><\/li><\/ul>\n<div class=\"likebtn_container\" style=\"\"><!-- LikeBtn.com BEGIN --><span class=\"likebtn-wrapper\"  data-identifier=\"page_856\"  data-site_id=\"5f5dea62943ec93c4ca12a8a\"  data-dislike_enabled=\"false\"  data-icon_dislike_show=\"false\"  data-style=\"\"  data-unlike_allowed=\"\"  data-show_copyright=\"\"  data-item_url=\"https:\/\/sciengementlab.com\/index.php\/en\/biblioteca-2\/\"  data-item_title=\"Library\"  data-item_date=\"2020-09-16T10:49:28+00:00\"  data-engine=\"WordPress\"  data-plugin_v=\"2.6.29\"  data-prx=\"https:\/\/sciengementlab.com\/wp-admin\/admin-ajax.php?action=likebtn_prx\"  data-event_handler=\"likebtn_eh\" ><\/span><!-- LikeBtn.com END --><\/div>","protected":false},"excerpt":{"rendered":"<p>Chapter 1: Complexity Management Article 1: The World of the Industrial Revolution 3.0: Living in a Fluid and Hyper-connected Society. \u201cBe Water, My VULCANIAN Friend\u201d Bauman, Zygmunt (2000). \u00abLiquid Modernity\u00bb. Editor: Blackwell Publishers. ISBN 0745624103. Ferry, Luc (2017). \u00abLa revoluci\u00f3n &hellip;<\/p>\n<p class=\"read-more\"> <a class=\"more-link\" href=\"https:\/\/sciengementlab.com\/index.php\/en\/biblioteca-2\/\"> <span class=\"screen-reader-text\">Library<\/span> Leer m\u00e1s \u00bb<\/a><\/p>\n<div class=\"likebtn_container\" style=\"\"><!-- LikeBtn.com BEGIN --><span class=\"likebtn-wrapper\"  data-identifier=\"page_856\"  data-site_id=\"5f5dea62943ec93c4ca12a8a\"  data-dislike_enabled=\"false\"  data-icon_dislike_show=\"false\"  data-style=\"\"  data-unlike_allowed=\"\"  data-show_copyright=\"\"  data-item_url=\"https:\/\/sciengementlab.com\/index.php\/en\/biblioteca-2\/\"  data-item_title=\"Library\"  data-item_date=\"2020-09-16T10:49:28+00:00\"  data-engine=\"WordPress\"  data-plugin_v=\"2.6.29\"  data-prx=\"https:\/\/sciengementlab.com\/wp-admin\/admin-ajax.php?action=likebtn_prx\"  data-event_handler=\"likebtn_eh\" ><\/span><!-- LikeBtn.com END --><\/div><a class=\"excerpt-more\" href=\"https:\/\/sciengementlab.com\/index.php\/en\/biblioteca-2\/\">Read More<i class=\"fa fa-chevron-circle-right\" aria-hidden=\"true\"><\/i><\/a>","protected":false},"author":1,"featured_media":0,"parent":0,"menu_order":5,"comment_status":"closed","ping_status":"closed","template":"","meta":{"_monsterinsights_skip_tracking":false,"_monsterinsights_sitenote_active":false,"_monsterinsights_sitenote_note":"","_monsterinsights_sitenote_category":0},"yoast_head":"<!-- This site is optimized with the Yoast SEO plugin v14.9 - https:\/\/yoast.com\/wordpress\/plugins\/seo\/ -->\n<title>Library - Sciengement Lab<\/title>\n<meta name=\"robots\" content=\"index, follow, max-snippet:-1, max-image-preview:large, max-video-preview:-1\" \/>\n<link rel=\"canonical\" href=\"https:\/\/sciengementlab.com\/index.php\/en\/biblioteca-2\/\" \/>\n<meta property=\"og:locale\" content=\"es_ES\" \/>\n<meta property=\"og:type\" content=\"article\" \/>\n<meta property=\"og:title\" content=\"Library - Sciengement Lab\" \/>\n<meta property=\"og:description\" content=\"Chapter 1: Complexity Management Article 1: The World of the Industrial Revolution 3.0: Living in a Fluid and Hyper-connected Society. \u201cBe Water, My VULCANIAN Friend\u201d Bauman, Zygmunt (2000). \u00abLiquid Modernity\u00bb. Editor: Blackwell Publishers. ISBN 0745624103. Ferry, Luc (2017). \u00abLa revoluci\u00f3n &hellip; Library Leer m\u00e1s \u00bb\" \/>\n<meta property=\"og:url\" content=\"https:\/\/sciengementlab.com\/index.php\/en\/biblioteca-2\/\" \/>\n<meta property=\"og:site_name\" content=\"Sciengement Lab\" \/>\n<meta property=\"article:modified_time\" content=\"2023-10-27T08:54:20+00:00\" \/>\n<meta property=\"og:image\" content=\"https:\/\/sciengementlab.com\/wp-content\/uploads\/2021\/10\/Library-1-1024x684.jpeg\" \/>\n<meta name=\"twitter:card\" content=\"summary_large_image\" \/>\n<script type=\"application\/ld+json\" class=\"yoast-schema-graph\">{\"@context\":\"https:\/\/schema.org\",\"@graph\":[{\"@type\":\"Organization\",\"@id\":\"https:\/\/sciengementlab.com\/#organization\",\"name\":\"Julio Martin\",\"url\":\"https:\/\/sciengementlab.com\/\",\"sameAs\":[],\"logo\":{\"@type\":\"ImageObject\",\"@id\":\"https:\/\/sciengementlab.com\/#logo\",\"inLanguage\":\"es\",\"url\":\"https:\/\/sciengementlab.com\/wp-content\/uploads\/2020\/09\/Sciengement-LOGO-Bloques-Manos-Brain-WHITE.png\",\"width\":431,\"height\":440,\"caption\":\"Julio Martin\"},\"image\":{\"@id\":\"https:\/\/sciengementlab.com\/#logo\"}},{\"@type\":\"WebSite\",\"@id\":\"https:\/\/sciengementlab.com\/#website\",\"url\":\"https:\/\/sciengementlab.com\/\",\"name\":\"Sciengement Lab\",\"description\":\"Think Science in Management\",\"publisher\":{\"@id\":\"https:\/\/sciengementlab.com\/#organization\"},\"potentialAction\":[{\"@type\":\"SearchAction\",\"target\":\"https:\/\/sciengementlab.com\/?s={search_term_string}\",\"query-input\":\"required name=search_term_string\"}],\"inLanguage\":\"es\"},{\"@type\":\"ImageObject\",\"@id\":\"https:\/\/sciengementlab.com\/index.php\/en\/biblioteca-2\/#primaryimage\",\"inLanguage\":\"es\",\"url\":\"https:\/\/sciengementlab.com\/wp-content\/uploads\/2021\/10\/Library-1-scaled.jpeg\",\"width\":2560,\"height\":1709},{\"@type\":\"WebPage\",\"@id\":\"https:\/\/sciengementlab.com\/index.php\/en\/biblioteca-2\/#webpage\",\"url\":\"https:\/\/sciengementlab.com\/index.php\/en\/biblioteca-2\/\",\"name\":\"Library - Sciengement Lab\",\"isPartOf\":{\"@id\":\"https:\/\/sciengementlab.com\/#website\"},\"primaryImageOfPage\":{\"@id\":\"https:\/\/sciengementlab.com\/index.php\/en\/biblioteca-2\/#primaryimage\"},\"datePublished\":\"2020-09-16T10:49:28+00:00\",\"dateModified\":\"2023-10-27T08:54:20+00:00\",\"breadcrumb\":{\"@id\":\"https:\/\/sciengementlab.com\/index.php\/en\/biblioteca-2\/#breadcrumb\"},\"inLanguage\":\"es\",\"potentialAction\":[{\"@type\":\"ReadAction\",\"target\":[\"https:\/\/sciengementlab.com\/index.php\/en\/biblioteca-2\/\"]}]},{\"@type\":\"BreadcrumbList\",\"@id\":\"https:\/\/sciengementlab.com\/index.php\/en\/biblioteca-2\/#breadcrumb\",\"itemListElement\":[{\"@type\":\"ListItem\",\"position\":1,\"item\":{\"@type\":\"WebPage\",\"@id\":\"https:\/\/sciengementlab.com\/\",\"url\":\"https:\/\/sciengementlab.com\/\",\"name\":\"Portada\"}},{\"@type\":\"ListItem\",\"position\":2,\"item\":{\"@type\":\"WebPage\",\"@id\":\"https:\/\/sciengementlab.com\/index.php\/en\/biblioteca-2\/\",\"url\":\"https:\/\/sciengementlab.com\/index.php\/en\/biblioteca-2\/\",\"name\":\"Library\"}}]}]}<\/script>\n<!-- \/ Yoast SEO plugin. -->","_links":{"self":[{"href":"https:\/\/sciengementlab.com\/index.php\/wp-json\/wp\/v2\/pages\/856"}],"collection":[{"href":"https:\/\/sciengementlab.com\/index.php\/wp-json\/wp\/v2\/pages"}],"about":[{"href":"https:\/\/sciengementlab.com\/index.php\/wp-json\/wp\/v2\/types\/page"}],"author":[{"embeddable":true,"href":"https:\/\/sciengementlab.com\/index.php\/wp-json\/wp\/v2\/users\/1"}],"replies":[{"embeddable":true,"href":"https:\/\/sciengementlab.com\/index.php\/wp-json\/wp\/v2\/comments?post=856"}],"version-history":[{"count":34,"href":"https:\/\/sciengementlab.com\/index.php\/wp-json\/wp\/v2\/pages\/856\/revisions"}],"predecessor-version":[{"id":1866,"href":"https:\/\/sciengementlab.com\/index.php\/wp-json\/wp\/v2\/pages\/856\/revisions\/1866"}],"wp:attachment":[{"href":"https:\/\/sciengementlab.com\/index.php\/wp-json\/wp\/v2\/media?parent=856"}],"curies":[{"name":"wp","href":"https:\/\/api.w.org\/{rel}","templated":true}]}}